{"id":2805,"date":"2024-09-17T07:15:16","date_gmt":"2024-09-17T07:15:16","guid":{"rendered":"https:\/\/geninex.dk\/?post_type=product&#038;p=2805"},"modified":"2024-11-07T22:55:09","modified_gmt":"2024-11-07T22:55:09","slug":"stromforsyning-ac-dc-adaptor12200-r","status":"publish","type":"product","link":"https:\/\/geninex.dk\/?product=stromforsyning-ac-dc-adaptor12200-r","title":{"rendered":"Str\u00f8mforsyning \/ AC &#8211; DC Adaptor 12200-R"},"content":{"rendered":"<div class=\"product_desc-row\">\n<div class=\"product_desc-desc\">\n<p>&nbsp;<\/p>\n<ul>\n<li>Model : 12200-R<\/li>\n<li>Farve: S\u00f8lv -Sort<\/li>\n<li>Power :200W &#8211; 12V &#8211; 16,7A<\/li>\n<li>V\u00e6gt: 300 gr.<\/li>\n<li>St\u00f8rrelse: 75 x 150 x 45 ( mm. ) Regular<\/li>\n<li>Specifikation: Vandt\u00e6t &#8211; Udend\u00f8rs<\/li>\n<\/ul>\n<\/div>\n<\/div>\n","protected":false},"excerpt":{"rendered":"<p>&nbsp; Model : 12200-R Farve: S\u00f8lv -Sort Power :200W &#8211; 12V &#8211; 16,7A V\u00e6gt: 300 gr. St\u00f8rrelse: 75 x 150 x 45 ( mm. ) Regular Specifikation: Vandt\u00e6t &#8211; Udend\u00f8rs<\/p>\n","protected":false},"featured_media":2948,"template":"","meta":[],"product_brand":[],"product_cat":[99,40],"product_tag":[71,77,72,73,74,75,76],"class_list":{"0":"post-2805","1":"product","2":"type-product","3":"status-publish","4":"has-post-thumbnail","6":"product_cat-ac-dc-adaptor","7":"product_cat-elektronik","8":"product_tag-12v","9":"product_tag-200w","10":"product_tag-led-power","11":"product_tag-stromforsyning-ac-dc-adaptor","12":"product_tag-udendors","13":"product_tag-vandtaet","14":"product_tag-waterproof","16":"first","17":"instock","18":"taxable","19":"shipping-taxable","20":"purchasable","21":"product-type-simple"},"tiered_pricing_type":"fixed","tiered_pricing_fixed_rules":{"3":"315","6":"297","10":"280"},"tiered_pricing_product_settings":{"layout":"default","base_unit_name":{"singular":null,"plural":null},"default_variation":null},"tiered_pricing_minimum_quantity":null,"tiered_pricing_roles_data":[],"tiered_pricing_percentage_rules":[],"tiered_pricing_maximum_quantity":null,"tiered_pricing_quantity_step":null,"_links":{"self":[{"href":"https:\/\/geninex.dk\/index.php?rest_route=\/wp\/v2\/product\/2805","targetHints":{"allow":["GET"]}}],"collection":[{"href":"https:\/\/geninex.dk\/index.php?rest_route=\/wp\/v2\/product"}],"about":[{"href":"https:\/\/geninex.dk\/index.php?rest_route=\/wp\/v2\/types\/product"}],"wp:featuredmedia":[{"embeddable":true,"href":"https:\/\/geninex.dk\/index.php?rest_route=\/wp\/v2\/media\/2948"}],"wp:attachment":[{"href":"https:\/\/geninex.dk\/index.php?rest_route=%2Fwp%2Fv2%2Fmedia&parent=2805"}],"wp:term":[{"taxonomy":"product_brand","embeddable":true,"href":"https:\/\/geninex.dk\/index.php?rest_route=%2Fwp%2Fv2%2Fproduct_brand&post=2805"},{"taxonomy":"product_cat","embeddable":true,"href":"https:\/\/geninex.dk\/index.php?rest_route=%2Fwp%2Fv2%2Fproduct_cat&post=2805"},{"taxonomy":"product_tag","embeddable":true,"href":"https:\/\/geninex.dk\/index.php?rest_route=%2Fwp%2Fv2%2Fproduct_tag&post=2805"}],"curies":[{"name":"wp","href":"https:\/\/api.w.org\/{rel}","templated":true}]}}