{"id":2787,"date":"2024-09-17T07:15:15","date_gmt":"2024-09-17T07:15:15","guid":{"rendered":"https:\/\/geninex.dk\/?post_type=product&#038;p=2787"},"modified":"2024-11-07T23:00:10","modified_gmt":"2024-11-07T23:00:10","slug":"stromforsyning-ac-dc-adaptor-s84-7a","status":"publish","type":"product","link":"https:\/\/geninex.dk\/?product=stromforsyning-ac-dc-adaptor-s84-7a","title":{"rendered":"Str\u00f8mforsyning \/ AC &#8211; DC Adaptor S84-7A"},"content":{"rendered":"<div class=\"product_desc-row\">\n<div class=\"product_desc-img\"><\/div>\n<div class=\"product_desc-desc\">\n<p>&nbsp;<\/p>\n<ul>\n<li>Model : S84-7A<\/li>\n<li>Farve: S\u00f8lv<\/li>\n<li>Power : 84W &#8211; 12V &#8211; 7A<\/li>\n<li>V\u00e6gt: 110 gr.<\/li>\n<li>St\u00f8rrelse: 17 x 375 x 18 ( mm. ) Ultra slim<\/li>\n<li>Specifikation: Vandt\u00e6t &#8211; Udend\u00f8rs<\/li>\n<\/ul>\n<\/div>\n<\/div>\n","protected":false},"excerpt":{"rendered":"<p>&nbsp; Model : S84-7A Farve: S\u00f8lv Power : 84W &#8211; 12V &#8211; 7A V\u00e6gt: 110 gr. St\u00f8rrelse: 17 x 375 x 18 ( mm. ) Ultra slim Specifikation: Vandt\u00e6t &#8211; Udend\u00f8rs<\/p>\n","protected":false},"featured_media":2987,"template":"","meta":[],"product_brand":[],"product_cat":[99,40],"product_tag":[71,82,72,79,73,74,83,75],"class_list":{"0":"post-2787","1":"product","2":"type-product","3":"status-publish","4":"has-post-thumbnail","6":"product_cat-ac-dc-adaptor","7":"product_cat-elektronik","8":"product_tag-12v","9":"product_tag-36w","10":"product_tag-led-power","11":"product_tag-slank","12":"product_tag-stromforsyning-ac-dc-adaptor","13":"product_tag-udendors","14":"product_tag-ultra-slim","15":"product_tag-vandtaet","17":"first","18":"instock","19":"taxable","20":"shipping-taxable","21":"purchasable","22":"product-type-simple"},"tiered_pricing_type":"fixed","tiered_pricing_fixed_rules":{"3":"261","6":"246","10":"232"},"tiered_pricing_product_settings":{"layout":"default","base_unit_name":{"singular":null,"plural":null},"default_variation":null},"tiered_pricing_minimum_quantity":null,"tiered_pricing_roles_data":[],"tiered_pricing_percentage_rules":[],"tiered_pricing_maximum_quantity":null,"tiered_pricing_quantity_step":null,"_links":{"self":[{"href":"https:\/\/geninex.dk\/index.php?rest_route=\/wp\/v2\/product\/2787","targetHints":{"allow":["GET"]}}],"collection":[{"href":"https:\/\/geninex.dk\/index.php?rest_route=\/wp\/v2\/product"}],"about":[{"href":"https:\/\/geninex.dk\/index.php?rest_route=\/wp\/v2\/types\/product"}],"wp:featuredmedia":[{"embeddable":true,"href":"https:\/\/geninex.dk\/index.php?rest_route=\/wp\/v2\/media\/2987"}],"wp:attachment":[{"href":"https:\/\/geninex.dk\/index.php?rest_route=%2Fwp%2Fv2%2Fmedia&parent=2787"}],"wp:term":[{"taxonomy":"product_brand","embeddable":true,"href":"https:\/\/geninex.dk\/index.php?rest_route=%2Fwp%2Fv2%2Fproduct_brand&post=2787"},{"taxonomy":"product_cat","embeddable":true,"href":"https:\/\/geninex.dk\/index.php?rest_route=%2Fwp%2Fv2%2Fproduct_cat&post=2787"},{"taxonomy":"product_tag","embeddable":true,"href":"https:\/\/geninex.dk\/index.php?rest_route=%2Fwp%2Fv2%2Fproduct_tag&post=2787"}],"curies":[{"name":"wp","href":"https:\/\/api.w.org\/{rel}","templated":true}]}}