{"id":2785,"date":"2024-09-17T07:15:15","date_gmt":"2024-09-17T07:15:15","guid":{"rendered":"https:\/\/geninex.dk\/?post_type=product&#038;p=2785"},"modified":"2024-11-07T23:01:28","modified_gmt":"2024-11-07T23:01:28","slug":"elektronik-stromforsyning-ac-dc-adaptor-1230","status":"publish","type":"product","link":"https:\/\/geninex.dk\/?product=elektronik-stromforsyning-ac-dc-adaptor-1230","title":{"rendered":"Elektronik Str\u00f8mforsyning \/ AC &#8211; DC Adaptor  1230"},"content":{"rendered":"<div class=\"product_desc-row\">\n<div class=\"product_desc-desc\">\n<ul>\n<li>Model : 1230<\/li>\n<li>Farve: Sort<\/li>\n<li>Power : 36W &#8211; 12V &#8211; 3A<\/li>\n<li>V\u00e6gt: 150 gr.<\/li>\n<li>St\u00f8rrelse: 55 x 100 x 35 ( mm. ) Regular<\/li>\n<li>Specifikation: Indend\u00f8rs<\/li>\n<\/ul>\n<\/div>\n<\/div>\n","protected":false},"excerpt":{"rendered":"<p>Model : 1230 Farve: Sort Power : 36W &#8211; 12V &#8211; 3A V\u00e6gt: 150 gr. St\u00f8rrelse: 55 x 100 x 35 ( mm. ) Regular Specifikation: Indend\u00f8rs<\/p>\n","protected":false},"featured_media":2991,"template":"","meta":[],"product_brand":[],"product_cat":[99,40],"product_tag":[71,82,86,73],"class_list":{"0":"post-2785","1":"product","2":"type-product","3":"status-publish","4":"has-post-thumbnail","6":"product_cat-ac-dc-adaptor","7":"product_cat-elektronik","8":"product_tag-12v","9":"product_tag-36w","10":"product_tag-3a","11":"product_tag-stromforsyning-ac-dc-adaptor","13":"first","14":"instock","15":"taxable","16":"shipping-taxable","17":"purchasable","18":"product-type-simple"},"tiered_pricing_type":"fixed","tiered_pricing_fixed_rules":{"3":"103","6":"98","10":"92"},"tiered_pricing_product_settings":{"layout":"default","base_unit_name":{"singular":null,"plural":null},"default_variation":null},"tiered_pricing_minimum_quantity":null,"tiered_pricing_roles_data":[],"tiered_pricing_percentage_rules":[],"tiered_pricing_maximum_quantity":null,"tiered_pricing_quantity_step":null,"_links":{"self":[{"href":"https:\/\/geninex.dk\/index.php?rest_route=\/wp\/v2\/product\/2785","targetHints":{"allow":["GET"]}}],"collection":[{"href":"https:\/\/geninex.dk\/index.php?rest_route=\/wp\/v2\/product"}],"about":[{"href":"https:\/\/geninex.dk\/index.php?rest_route=\/wp\/v2\/types\/product"}],"wp:featuredmedia":[{"embeddable":true,"href":"https:\/\/geninex.dk\/index.php?rest_route=\/wp\/v2\/media\/2991"}],"wp:attachment":[{"href":"https:\/\/geninex.dk\/index.php?rest_route=%2Fwp%2Fv2%2Fmedia&parent=2785"}],"wp:term":[{"taxonomy":"product_brand","embeddable":true,"href":"https:\/\/geninex.dk\/index.php?rest_route=%2Fwp%2Fv2%2Fproduct_brand&post=2785"},{"taxonomy":"product_cat","embeddable":true,"href":"https:\/\/geninex.dk\/index.php?rest_route=%2Fwp%2Fv2%2Fproduct_cat&post=2785"},{"taxonomy":"product_tag","embeddable":true,"href":"https:\/\/geninex.dk\/index.php?rest_route=%2Fwp%2Fv2%2Fproduct_tag&post=2785"}],"curies":[{"name":"wp","href":"https:\/\/api.w.org\/{rel}","templated":true}]}}