{"id":2779,"date":"2024-09-17T07:15:15","date_gmt":"2024-09-17T07:15:15","guid":{"rendered":"https:\/\/geninex.dk\/?post_type=product&#038;p=2779"},"modified":"2024-11-07T22:50:43","modified_gmt":"2024-11-07T22:50:43","slug":"smd-led-module-b-6113","status":"publish","type":"product","link":"https:\/\/geninex.dk\/?product=smd-led-module-b-6113","title":{"rendered":"SMD LED Module B 6113"},"content":{"rendered":"<div class=\"product_desc-row\">\n<div class=\"product_desc-desc\">\n<ul>\n<li>Model : B 6113<\/li>\n<li>Farve: Bl\u00e5<\/li>\n<li>Power : 1,2W &#8211; 12V &#8211; 0,1A<\/li>\n<li>V\u00e6gt: 5 gr.<\/li>\n<li>St\u00f8rrelse: 13 x 62 x 05 ( mm. )<\/li>\n<li>Specifikation: Vandt\u00e6t ( IP 65 ) &#8211; Udend\u00f8rs<\/li>\n<\/ul>\n<\/div>\n<\/div>\n","protected":false},"excerpt":{"rendered":"<p>Model : B 6113 Farve: Bl\u00e5 Power : 1,2W &#8211; 12V &#8211; 0,1A V\u00e6gt: 5 gr. St\u00f8rrelse: 13 x 62 x 05 ( mm. ) Specifikation: Vandt\u00e6t ( IP 65 ) &#8211; Udend\u00f8rs<\/p>\n","protected":false},"featured_media":3018,"template":"","meta":[],"product_brand":[],"product_cat":[40,100],"product_tag":[74,75],"class_list":{"0":"post-2779","1":"product","2":"type-product","3":"status-publish","4":"has-post-thumbnail","6":"product_cat-elektronik","7":"product_cat-smd-led","8":"product_tag-udendors","9":"product_tag-vandtaet","11":"first","12":"instock","13":"taxable","14":"shipping-taxable","15":"purchasable","16":"product-type-simple"},"tiered_pricing_type":"fixed","tiered_pricing_fixed_rules":{"3":"9","6":"8","10":"7"},"tiered_pricing_product_settings":{"layout":"default","base_unit_name":{"singular":null,"plural":null},"default_variation":null},"tiered_pricing_minimum_quantity":null,"tiered_pricing_roles_data":[],"tiered_pricing_percentage_rules":[],"tiered_pricing_maximum_quantity":null,"tiered_pricing_quantity_step":null,"_links":{"self":[{"href":"https:\/\/geninex.dk\/index.php?rest_route=\/wp\/v2\/product\/2779","targetHints":{"allow":["GET"]}}],"collection":[{"href":"https:\/\/geninex.dk\/index.php?rest_route=\/wp\/v2\/product"}],"about":[{"href":"https:\/\/geninex.dk\/index.php?rest_route=\/wp\/v2\/types\/product"}],"wp:featuredmedia":[{"embeddable":true,"href":"https:\/\/geninex.dk\/index.php?rest_route=\/wp\/v2\/media\/3018"}],"wp:attachment":[{"href":"https:\/\/geninex.dk\/index.php?rest_route=%2Fwp%2Fv2%2Fmedia&parent=2779"}],"wp:term":[{"taxonomy":"product_brand","embeddable":true,"href":"https:\/\/geninex.dk\/index.php?rest_route=%2Fwp%2Fv2%2Fproduct_brand&post=2779"},{"taxonomy":"product_cat","embeddable":true,"href":"https:\/\/geninex.dk\/index.php?rest_route=%2Fwp%2Fv2%2Fproduct_cat&post=2779"},{"taxonomy":"product_tag","embeddable":true,"href":"https:\/\/geninex.dk\/index.php?rest_route=%2Fwp%2Fv2%2Fproduct_tag&post=2779"}],"curies":[{"name":"wp","href":"https:\/\/api.w.org\/{rel}","templated":true}]}}