{"id":1759,"date":"2022-09-10T16:34:02","date_gmt":"2022-09-10T16:34:02","guid":{"rendered":"https:\/\/ciri.la-studioweb.com\/?page_id=1759"},"modified":"2024-11-11T13:06:30","modified_gmt":"2024-11-11T13:06:30","slug":"handelsbetingelser","status":"publish","type":"page","link":"https:\/\/geninex.dk\/?page_id=1759","title":{"rendered":"Handelsbetingelser"},"content":{"rendered":"\t\t<div data-elementor-type=\"wp-page\" data-elementor-id=\"1759\" class=\"elementor elementor-1759\">\n\t\t\t\t<div class=\"elementor-element elementor-element-7786420 e-flex e-con-boxed lakit-col-width-auto-no e-container e-root-container elementor-top-section e-con e-parent\" data-id=\"7786420\" data-element_type=\"container\" data-settings=\"{&quot;background_background&quot;:&quot;classic&quot;,&quot;background_motion_fx_motion_fx_scrolling&quot;:&quot;yes&quot;,&quot;background_motion_fx_translateY_effect&quot;:&quot;yes&quot;,&quot;background_motion_fx_translateY_speed&quot;:{&quot;unit&quot;:&quot;px&quot;,&quot;size&quot;:3,&quot;sizes&quot;:[]},&quot;background_motion_fx_translateY_affectedRange&quot;:{&quot;unit&quot;:&quot;%&quot;,&quot;size&quot;:&quot;&quot;,&quot;sizes&quot;:{&quot;start&quot;:20,&quot;end&quot;:80}},&quot;background_motion_fx_devices&quot;:[&quot;mobile&quot;,&quot;mobile_extra&quot;,&quot;tablet&quot;,&quot;laptop&quot;,&quot;desktop&quot;]}\">\n\t\t\t\t\t<div class=\"e-con-inner\">\n\t\t\t\t\t<\/div>\n\t\t\t\t<\/div>\n\t\t<div class=\"elementor-element elementor-element-bb44826 e-flex e-con-boxed lakit-col-width-auto-no e-container e-root-container elementor-top-section e-con e-parent\" data-id=\"bb44826\" data-element_type=\"container\">\n\t\t\t\t\t<div class=\"e-con-inner\">\n\t\t\t\t<div class=\"elementor-element elementor-element-e889ab4 elementor-view-default elementor-widget elementor-widget-icon\" data-id=\"e889ab4\" data-element_type=\"widget\" data-widget_type=\"icon.default\">\n\t\t\t\t<div class=\"elementor-widget-container\">\n\t\t\t\t\t\t\t<div class=\"elementor-icon-wrapper\">\n\t\t\t<div class=\"elementor-icon\">\n\t\t\t<i aria-hidden=\"true\" class=\"splicon icon-paper-clip\"><\/i>\t\t\t<\/div>\n\t\t<\/div>\n\t\t\t\t\t\t<\/div>\n\t\t\t\t<\/div>\n\t\t\t\t<div class=\"elementor-element elementor-element-8f7ddfb elementor-widget__width-auto elementor-invisible elementor-widget elementor-widget-heading\" data-id=\"8f7ddfb\" data-element_type=\"widget\" data-settings=\"{&quot;_animation&quot;:&quot;lakitShortFadeInUp&quot;,&quot;_animation_delay&quot;:200}\" data-widget_type=\"heading.default\">\n\t\t\t\t<div class=\"elementor-widget-container\">\n\t\t\t\t\t<h2 class=\"elementor-heading-title elementor-size-default\">Handelsbetingelser<\/h2>\t\t\t\t<\/div>\n\t\t\t\t<\/div>\n\t\t\t\t\t<\/div>\n\t\t\t\t<\/div>\n\t\t<div class=\"elementor-element elementor-element-19b7cd9 e-flex e-con-boxed lakit-col-width-auto-no e-container e-root-container elementor-top-section e-con e-parent\" data-id=\"19b7cd9\" data-element_type=\"container\">\n\t\t\t\t\t<div class=\"e-con-inner\">\n\t\t<div class=\"elementor-element elementor-element-b0fe291 e-con-full e-flex lakit-col-width-auto-no e-container e-con e-child\" data-id=\"b0fe291\" data-element_type=\"container\">\n\t\t\t\t<div class=\"elementor-element elementor-element-ac6f991 elementor-widget elementor-widget-text-editor\" data-id=\"ac6f991\" data-element_type=\"widget\" data-widget_type=\"text-editor.default\">\n\t\t\t\t<div class=\"elementor-widget-container\">\n\t\t\t\t\t\t\t\t\t<p>Nedenfor pr\u00e6senterer vi vores opdaterede handelsbetingelser, som du skal acceptere ved hver K\u00f8b hos os.<\/p>\t\t\t\t\t\t\t\t<\/div>\n\t\t\t\t<\/div>\n\t\t\t\t<div class=\"elementor-element elementor-element-1da9e5d elementor-widget elementor-widget-heading\" data-id=\"1da9e5d\" data-element_type=\"widget\" data-widget_type=\"heading.default\">\n\t\t\t\t<div class=\"elementor-widget-container\">\n\t\t\t\t\t<h3 class=\"elementor-heading-title elementor-size-default\">BESTILLING &amp; BETALING <\/h3>\t\t\t\t<\/div>\n\t\t\t\t<\/div>\n\t\t\t\t<div class=\"elementor-element elementor-element-3320888 elementor-widget elementor-widget-text-editor\" data-id=\"3320888\" data-element_type=\"widget\" data-widget_type=\"text-editor.default\">\n\t\t\t\t<div class=\"elementor-widget-container\">\n\t\t\t\t\t\t\t\t\t<p>N\u00e5r du har fundet de varer, du \u00f8nsker at k\u00f8be, kan du tilf\u00f8je dem til din indk\u00f8bskurv ved at klikke p\u00e5 &#8220;L\u00c6G I KURV&#8221;.<\/p><p>Du har mulighed for at \u00e6ndre kurvens indhold helt frem til det endelige k\u00f8b. F\u00f8r du afslutter bestillingen, kan du kontrollere prisen og indholdet. For at forts\u00e6tte med bestillingen, klik p\u00e5 &#8220;BESTIL NU&#8221;.<\/p><p>Her bliver du bedt om enten at logge ind som eksisterende kunde eller oprette en ny konto, hvor du indtaster din fakturerings- og leveringsadresse samt v\u00e6lger din foretrukne betalings- og leveringsmetode.<\/p><p>Vi tilbyder betaling med Dankort, Visa\/Dankort, Visa Electron og MobilePay &#8211; alle gebyrfri.<\/p><p>Betalingsbeloebet tr\u00e6kkes f\u00f8rst, n\u00e5r varerne er sendt fra vores lager.<\/p><p>For internationale kortreservationer g\u00e6lder, at beloebet reserveres med det samme og frigives afh\u00e6ngigt af korttypen inden for 1-3 hverdage ved annullering.<\/p>\t\t\t\t\t\t\t\t<\/div>\n\t\t\t\t<\/div>\n\t\t\t\t<div class=\"elementor-element elementor-element-b1f2d3d elementor-widget elementor-widget-heading\" data-id=\"b1f2d3d\" data-element_type=\"widget\" data-widget_type=\"heading.default\">\n\t\t\t\t<div class=\"elementor-widget-container\">\n\t\t\t\t\t<h3 class=\"elementor-heading-title elementor-size-default\">FRAGT &amp; LEVERING <\/h3>\t\t\t\t<\/div>\n\t\t\t\t<\/div>\n\t\t\t\t<div class=\"elementor-element elementor-element-9bbe41c elementor-widget elementor-widget-text-editor\" data-id=\"9bbe41c\" data-element_type=\"widget\" data-widget_type=\"text-editor.default\">\n\t\t\t\t<div class=\"elementor-widget-container\">\n\t\t\t\t\t\t\t\t\t<p>Vi s\u00f8rger for hurtig levering af dine bestillinger. Standardprodukter bestilt inden kl. 12 afsendes samme dag via GLS.<\/p><p>Bestillinger foretaget efter kl. 12 afsendes n\u00e6stkommende arbejdsdag.<\/p><p>Der vil blive sendt en e-mail med forventet leveringstid, s\u00e5 snart din ordre er behandlet. Specialfremstillede produkter og produkter med s\u00e6rlige montagekrav sendes normalt inden for 2-5 arbejdsdage. Bem\u00e6rk, at ordrer over kr. 700 ekskl. moms (875 inkl. moms) sendes fragtfrit. Ved ordrer under dette bel\u00f8b opkr\u00e6ves et fragtgebyr afh\u00e6ngigt af leveringsstedet.<\/p><p>For kunder, der \u00f8nsker det, tilbyder vi Track &amp; Trace, hvor du modtager et sporingsnummer, s\u00e5 du kan f\u00f8lge din ordre fra vores lager til din adresse.<\/p>\t\t\t\t\t\t\t\t<\/div>\n\t\t\t\t<\/div>\n\t\t\t\t<div class=\"elementor-element elementor-element-213d685 elementor-widget elementor-widget-heading\" data-id=\"213d685\" data-element_type=\"widget\" data-widget_type=\"heading.default\">\n\t\t\t\t<div class=\"elementor-widget-container\">\n\t\t\t\t\t<h3 class=\"elementor-heading-title elementor-size-default\">RETURRET &amp; FORTRYDELSESRET <\/h3>\t\t\t\t<\/div>\n\t\t\t\t<\/div>\n\t\t\t\t<div class=\"elementor-element elementor-element-1e4a8a3 elementor-widget elementor-widget-text-editor\" data-id=\"1e4a8a3\" data-element_type=\"widget\" data-widget_type=\"text-editor.default\">\n\t\t\t\t<div class=\"elementor-widget-container\">\n\t\t\t\t\t\t\t\t\t<p>Som privatkunde har du 14 dages fortrydelsesret fra modtagelsesdatoen. Hvis du \u00f8nsker at returnere en vare, kontakt venligst vores kundeservice via e-mail eller telefon.<\/p><p>Varen skal returneres i <strong>ubrugt stand<\/strong> og med intakt <strong>originalemballage<\/strong>.<\/p><p>Ved returnering opkr\u00e6ves et gebyr p\u00e5 kr. 60, og fragtomkostninger refunderes ikke. Er varen taget i brug eller beskadiget under returforsendelsen, <strong>vil der ske fradrag <\/strong>i det refunderede beloeb afh\u00e6ngigt af varens tilstand.<\/p><p>Kontakt os via e-mail for at modtage vejledning om returneringsprocessen.<\/p><p><strong>\u00a0<\/strong><\/p>\t\t\t\t\t\t\t\t<\/div>\n\t\t\t\t<\/div>\n\t\t\t\t<div class=\"elementor-element elementor-element-29acbaf elementor-widget elementor-widget-heading\" data-id=\"29acbaf\" data-element_type=\"widget\" data-widget_type=\"heading.default\">\n\t\t\t\t<div class=\"elementor-widget-container\">\n\t\t\t\t\t<h3 class=\"elementor-heading-title elementor-size-default\">REKLAMATIONSRET <\/h3>\t\t\t\t<\/div>\n\t\t\t\t<\/div>\n\t\t\t\t<div class=\"elementor-element elementor-element-103475a elementor-widget elementor-widget-text-editor\" data-id=\"103475a\" data-element_type=\"widget\" data-widget_type=\"text-editor.default\">\n\t\t\t\t<div class=\"elementor-widget-container\">\n\t\t\t\t\t\t\t\t\t<p>Forbrugere har 24 m\u00e5neders reklamationsret p\u00e5 alle produkter i henhold til K\u00f8beloven. Er reklamationen berettiget, tilbyder vi enten reparation, ombytning, eller refusion afh\u00e6ngigt af skadens omfang og kundens \u00f8nske. Varen skal sendes tilbage i forsvarlig emballage, og vi d\u00e6kker fragtomkostninger ved berettiget reklamation.<\/p><p>Vi anbefaler, at du vedl\u00e6gger en detaljeret beskrivelse af problemet og eventuelt billeder for at lette ekspeditionen.<\/p><p>Varer sendes til OSKILTE, Stamholmen 173, 2650 Hvidovre.<\/p>\t\t\t\t\t\t\t\t<\/div>\n\t\t\t\t<\/div>\n\t\t\t\t<div class=\"elementor-element elementor-element-dfe2a8c elementor-widget elementor-widget-heading\" data-id=\"dfe2a8c\" data-element_type=\"widget\" data-widget_type=\"heading.default\">\n\t\t\t\t<div class=\"elementor-widget-container\">\n\t\t\t\t\t<h3 class=\"elementor-heading-title elementor-size-default\">BESKYTTELSE AF PERSONOPLYSNINGER <\/h3>\t\t\t\t<\/div>\n\t\t\t\t<\/div>\n\t\t\t\t<div class=\"elementor-element elementor-element-97032d2 elementor-widget elementor-widget-text-editor\" data-id=\"97032d2\" data-element_type=\"widget\" data-widget_type=\"text-editor.default\">\n\t\t\t\t<div class=\"elementor-widget-container\">\n\t\t\t\t\t\t\t\t\t<p>I forbindelse med dit k\u00f8b hos OSKILTE registrerer vi dine personoplysninger saasom navn, adresse, telefonnummer og e-mail for at sikre, at din ordre kan ekspederes og leveres korrekt. Dine oplysninger behandles fortroligt og slettes efter 5 \u00e5r, med mindre andet er aftalt eller kr\u00e6vet i henhold til lovgivningen.<\/p><p>Ved samtykke til modtagelse af nyhedsbreve opbevarer vi din e-mailadresse til udsendelse af relevante tilbud. Samtykke kan til enhver tid tilbagekaldes.<\/p><p>For spoergsmaal om databeskyttelse eller indsigt i dine registrerede oplysninger, kontakt os via <a href=\"mailto:salg@oskilte.dk\">salg@oskilte.dk<\/a>.<\/p>\t\t\t\t\t\t\t\t<\/div>\n\t\t\t\t<\/div>\n\t\t\t\t<div class=\"elementor-element elementor-element-5b9e4b0 elementor-widget elementor-widget-heading\" data-id=\"5b9e4b0\" data-element_type=\"widget\" data-widget_type=\"heading.default\">\n\t\t\t\t<div class=\"elementor-widget-container\">\n\t\t\t\t\t<h3 class=\"elementor-heading-title elementor-size-default\">COOKIES &amp; LOGSTATISTIK <\/h3>\t\t\t\t<\/div>\n\t\t\t\t<\/div>\n\t\t\t\t<div class=\"elementor-element elementor-element-e0d233d elementor-widget elementor-widget-text-editor\" data-id=\"e0d233d\" data-element_type=\"widget\" data-widget_type=\"text-editor.default\">\n\t\t\t\t<div class=\"elementor-widget-container\">\n\t\t\t\t\t\t\t\t\t<p>Vi anvender cookies p\u00e5 vores hjemmeside for at forbedre brugervenligheden. Cookies kan slettes i din browsers indstillinger. Desuden anvender vi logstatistik til at f\u00e5 overblik over bes\u00f8gendes adf\u00e6rd p\u00e5 vores site, hvilket hj\u00e6lper os med at optimere vores tjenester.<\/p>\t\t\t\t\t\t\t\t<\/div>\n\t\t\t\t<\/div>\n\t\t\t\t<div class=\"elementor-element elementor-element-0849e1f elementor-widget elementor-widget-heading\" data-id=\"0849e1f\" data-element_type=\"widget\" data-widget_type=\"heading.default\">\n\t\t\t\t<div class=\"elementor-widget-container\">\n\t\t\t\t\t<h3 class=\"elementor-heading-title elementor-size-default\">GENEREL INFORMATION <\/h3>\t\t\t\t<\/div>\n\t\t\t\t<\/div>\n\t\t\t\t<div class=\"elementor-element elementor-element-a360eea elementor-widget elementor-widget-text-editor\" data-id=\"a360eea\" data-element_type=\"widget\" data-widget_type=\"text-editor.default\">\n\t\t\t\t<div class=\"elementor-widget-container\">\n\t\t\t\t\t\t\t\t\t<p>OSKILTE, Stamholmen 173, 2650 Hvidovre E-mail: salg@oskilte.dk |<\/p><p>Tlf.: 60 28 34 22<\/p><p>Alle priser er angivet i danske kroner inkl. moms, med mindre andet er angivet. Aftaler indgaas p\u00e5 dansk.<\/p>\t\t\t\t\t\t\t\t<\/div>\n\t\t\t\t<\/div>\n\t\t\t\t<div class=\"elementor-element elementor-element-4cc7059 elementor-widget elementor-widget-heading\" data-id=\"4cc7059\" data-element_type=\"widget\" data-widget_type=\"heading.default\">\n\t\t\t\t<div class=\"elementor-widget-container\">\n\t\t\t\t\t<h3 class=\"elementor-heading-title elementor-size-default\">KLAGEADGANG <\/h3>\t\t\t\t<\/div>\n\t\t\t\t<\/div>\n\t\t\t\t<div class=\"elementor-element elementor-element-64f8ebd elementor-widget elementor-widget-text-editor\" data-id=\"64f8ebd\" data-element_type=\"widget\" data-widget_type=\"text-editor.default\">\n\t\t\t\t<div class=\"elementor-widget-container\">\n\t\t\t\t\t\t\t\t\t<p>Er du utilfreds med en vare, kan du kontakte kundeservice. Vi g\u00f8r vores bedste for at finde en l\u00f8sning, men hvis det ikke lykkes, kan du sende en klage til N\u00e6vnenes Hus. Handler du fra et andet EU-land, kan du klage via EU-Kommissionens klageportal.<\/p><p>Handelsbetingelserne er opdateret den 04.11.2024<\/p>\t\t\t\t\t\t\t\t<\/div>\n\t\t\t\t<\/div>\n\t\t\t\t<\/div>\n\t\t\t\t\t<\/div>\n\t\t\t\t<\/div>\n\t\t\t\t<\/div>\n\t\t","protected":false},"excerpt":{"rendered":"<p>Handelsbetingelser Nedenfor pr\u00e6senterer vi vores opdaterede handelsbetingelser, som du skal acceptere ved hver K\u00f8b hos os. BESTILLING &amp; BETALING N\u00e5r du har fundet de varer, du \u00f8nsker at k\u00f8be, kan du tilf\u00f8je dem til din indk\u00f8bskurv ved at klikke p\u00e5 &#8220;L\u00c6G I KURV&#8221;. Du har mulighed for at \u00e6ndre kurvens indhold&hellip;<\/p>\n","protected":false},"author":1,"featured_media":0,"parent":0,"menu_order":0,"comment_status":"closed","ping_status":"closed","template":"","meta":{"footnotes":""},"class_list":["post-1759","page","type-page","status-publish","hentry"],"_links":{"self":[{"href":"https:\/\/geninex.dk\/index.php?rest_route=\/wp\/v2\/pages\/1759","targetHints":{"allow":["GET"]}}],"collection":[{"href":"https:\/\/geninex.dk\/index.php?rest_route=\/wp\/v2\/pages"}],"about":[{"href":"https:\/\/geninex.dk\/index.php?rest_route=\/wp\/v2\/types\/page"}],"author":[{"embeddable":true,"href":"https:\/\/geninex.dk\/index.php?rest_route=\/wp\/v2\/users\/1"}],"replies":[{"embeddable":true,"href":"https:\/\/geninex.dk\/index.php?rest_route=%2Fwp%2Fv2%2Fcomments&post=1759"}],"version-history":[{"count":5,"href":"https:\/\/geninex.dk\/index.php?rest_route=\/wp\/v2\/pages\/1759\/revisions"}],"predecessor-version":[{"id":4163,"href":"https:\/\/geninex.dk\/index.php?rest_route=\/wp\/v2\/pages\/1759\/revisions\/4163"}],"wp:attachment":[{"href":"https:\/\/geninex.dk\/index.php?rest_route=%2Fwp%2Fv2%2Fmedia&parent=1759"}],"curies":[{"name":"wp","href":"https:\/\/api.w.org\/{rel}","templated":true}]}}